{"id":8185,"date":"2017-03-02T10:59:17","date_gmt":"2017-03-02T10:59:17","guid":{"rendered":"https:\/\/sweettooth.qodeinteractive.com\/?page_id=8185"},"modified":"2024-05-02T07:49:04","modified_gmt":"2024-05-02T07:49:04","slug":"home-1","status":"publish","type":"page","link":"https:\/\/lafarineria.com\/","title":{"rendered":"Home"},"content":{"rendered":"<p>[vc_row el_class=&#8221;section-name&#8221; el_id=&#8221;home&#8221;][vc_column][rev_slider_vc alias=&#8221;slider-1&#8243;][\/vc_column][\/vc_row][vc_row row_content_width=&#8221;grid&#8221; css=&#8221;.vc_custom_1714496952169{padding-top: 115px !important;padding-bottom: 92px !important;}&#8221; el_id=&#8221;main&#8221;][vc_column]<div class=\"eltdf-elements-holder eltdf-one-column eltdf-responsive-mode-768\" ><div class=\"eltdf-eh-item \"  data-item-class=\"eltdf-eh-custom-946708\" data-1024-1280=\"0px 19%\" data-768-1024=\"0px 23%\" data-600-768=\"0px 14%\" data-480=\"0px 0%\">\n\t<div class=\"eltdf-eh-item-inner\">\n\t\t<div class=\"eltdf-eh-item-content eltdf-eh-custom-946708\" style=\"padding: 0px 10%\">\n\t\t\t<div class=\"eltdf-section-title-holder  \" style=\"text-align: center\">\n\t\t\t<h2 class=\"eltdf-st-title eltdf-title-center\" style=\"color: #030303\">\n\t\t\t<span>Home<\/span>\n\t\t<\/h2>\n\t\t<\/div>[vc_column_text]\u201c<strong>La Farineria<\/strong>\u201d, presso l\u2019Antico Mulino Anselmo, nasce dal desiderio di condividere la pi\u00f9 autentica tradizione calabrese e, pi\u00f9 in generale, quella Italiana, famosa nel mondo per bont\u00e0 e genuinit\u00e0;<\/p>\n<p>Nei nostri spazi abbiamo realizzato un\u00a0<strong>micro panificio urbano<\/strong>, dove ogni giorno realizziamo\u00a0<strong>pani e prodotti da forno ad alto impatto positivo realizzati da Andrea<\/strong>\u00a0con farine che provengono solo ed esclusivamente dal nostro mulino.<\/p>\n<p>Oltre al pane sar\u00e0 possibile usufruire dei nostri spazi per fare colazione con pane burro e marmellata, croissant o uno dei\u00a0<strong>dolci preparati dalla nostra Raluca<\/strong>.[\/vc_column_text]\t\t<\/div>\n\t<\/div>\n<\/div><\/div>[\/vc_column][\/vc_row][vc_row css=&#8221;.vc_custom_1713018317431{padding-top: 10px !important;padding-bottom: 36px !important;}&#8221; el_class=&#8221;section-name&#8221;][vc_column][vc_empty_space height=&#8221;31px&#8221;][\/vc_column][\/vc_row][vc_row simple_background_color=&#8221;#fdfbf6&#8243; css=&#8221;.vc_custom_1713022661716{padding-top: 24px !important;padding-bottom: 37px !important;}&#8221; el_id=&#8221;chisiamo&#8221; el_class=&#8221;section-name&#8221;][vc_column css=&#8221;.vc_custom_1489047693182{margin-left: -30px !important;}&#8221;]<div class=\"eltdf-elements-holder eltdf-two-columns eltdf-responsive-mode-1024\" ><div class=\"eltdf-eh-item \"  data-item-class=\"eltdf-eh-custom-411281\" data-768-1024=\"0px 60% 0px 0%\">\n\t<div class=\"eltdf-eh-item-inner\">\n\t\t<div class=\"eltdf-eh-item-content eltdf-eh-custom-411281\" >\n\t\t\t[vc_single_image image=&#8221;11720&#8243; img_size=&#8221;full&#8221; css=&#8221;.vc_custom_1713020432716{padding-left: 10% !important;}&#8221;]\t\t<\/div>\n\t<\/div>\n<\/div><div class=\"eltdf-eh-item \"  data-item-class=\"eltdf-eh-custom-255676\" data-1280-1600=\"0px 20% 0px 8%\" data-1024-1280=\"0px 17% 0px 8%\" data-768-1024=\"0px 11% 90px 19%\" data-600-768=\"0px 5% 99px 17%\" data-480=\"0px 4% 50px 25%\">\n\t<div class=\"eltdf-eh-item-inner\">\n\t\t<div class=\"eltdf-eh-item-content eltdf-eh-custom-255676\" style=\"padding: 0px 31% 0px 8%\">\n\t\t\t<div class=\"eltdf-section-title-holder  \" >\n\t\t\t<h2 class=\"eltdf-st-title \" style=\"color: #030303\">\n\t\t\t<span>Chi siamo<\/span>\n\t\t<\/h2>\n\t\t<\/div>[vc_column_text]<\/p>\n<div class=\"gmail_default\">\n<p>Buono come il pane\u2026si diceva una volta. E si dice ancora oggi. Ma quanto sar\u00e0 vero? Presso l\u2019Antico Mulino Anselmo questa domanda trova una risposta immediata.<\/p>\n<p>Tutto a vista: chi viene qui, all\u2019antico Mulino, vede\u00a0pap\u00e0 Salvatore\u00a0\u2013 proprio lui, la terza pietra del mulino \u2013\u00a0 alle prese con la grande macina in pietra; vede il nostro panificatore,\u00a0Andrea, che \u00e8 anche uno chef laureato in scienze alimentari, impastare le nostre farine; e poi vede riporre sugli scaffali, in bell\u2019ordine, i prodotti appena sfornati, con la loro fragranza inconfondibile. Una filiera che non si interrompe: e questo \u00e8 un fatto raro, del quale essere fieri.<\/p>\n<p>E poi\u2026tanta sperimentazione. Per es. con la segale, u granu iermanu, come si chiama nel nostro dialetto:\u00a0biscotti di segale con l\u2019olio, grissini, pane biscottato, prove di panificazione con questo prodotto del territorio molto buono. E questo potrebbe incentivarne la coltivazione, vista la rarit\u00e0 di questo cereale.<\/p>\n<\/div>\n<p>[\/vc_column_text][vc_empty_space height=&#8221;35px&#8221;]\t\t<\/div>\n\t<\/div>\n<\/div><\/div>[\/vc_column][\/vc_row][vc_row css=&#8221;.vc_custom_1713018317431{padding-top: 10px !important;padding-bottom: 36px !important;}&#8221; el_class=&#8221;section-name&#8221;][vc_column][vc_empty_space height=&#8221;31px&#8221;][\/vc_column][\/vc_row][vc_row simple_background_color=&#8221;#fdfbf6&#8243; css=&#8221;.vc_custom_1713022331948{padding-top: 24px !important;padding-bottom: 37px !important;}&#8221; el_id=&#8221;store&#8221; el_class=&#8221;section-name&#8221;][vc_column css=&#8221;.vc_custom_1489047693182{margin-left: -30px !important;}&#8221;]<div class=\"eltdf-elements-holder eltdf-two-columns eltdf-responsive-mode-1024\" ><div class=\"eltdf-eh-item \"  data-item-class=\"eltdf-eh-custom-962451\" data-768-1024=\"0px 60% 0px 0%\">\n\t<div class=\"eltdf-eh-item-inner\">\n\t\t<div class=\"eltdf-eh-item-content eltdf-eh-custom-962451\" >\n\t\t\t[vc_single_image image=&#8221;11762&#8243; img_size=&#8221;full&#8221; css=&#8221;.vc_custom_1713023302321{padding-left: 10% !important;}&#8221;]\t\t<\/div>\n\t<\/div>\n<\/div><div class=\"eltdf-eh-item \"  data-item-class=\"eltdf-eh-custom-292531\" data-1280-1600=\"0px 20% 0px 8%\" data-1024-1280=\"0px 17% 0px 8%\" data-768-1024=\"0px 11% 90px 19%\" data-600-768=\"0px 5% 99px 17%\" data-480=\"0px 4% 50px 25%\">\n\t<div class=\"eltdf-eh-item-inner\">\n\t\t<div class=\"eltdf-eh-item-content eltdf-eh-custom-292531\" style=\"padding: 0px 31% 0px 8%\">\n\t\t\t<div class=\"eltdf-section-title-holder  \" >\n\t\t\t<h2 class=\"eltdf-st-title \" style=\"color: #030303\">\n\t\t\t<span>Lo store<\/span>\n\t\t<\/h2>\n\t\t<\/div>[vc_column_text]<\/p>\n<div class=\"gmail_default\">\n<p>ESPERIENZE, SPERIMENTAZIONE E NUOVE CONSAPEVOLEZZE<\/p>\n<div>\n<div>\n<p>Nel nostro store si possono trovare anche molti\u00a0prodotti di eccellenza, tra cui farine del territorio e di luoghi un po\u2019 pi\u00f9 lontani, ma sempre legati a progetti di filiera corta, e inoltre\u00a0pasta, biscotti, dolci, vino e birra, conserve, tonno e prodotti ittici, marmellate e miele. E, a breve, saranno aperti anche un laboratorio artigianale e un forno per produrre\u00a0pani, sia freschi che secchi, con le diverse variet\u00e0 delle farine Anselmo: un modo per valorizzare il nostro prodotto, ma anche per aprirsi al territorio, farsi pi\u00f9 \u201csociali\u201d, creando anche una nuova consapevolezza intorno al cibo.<\/p>\n<\/div>\n<\/div>\n<\/div>\n<p>[\/vc_column_text][vc_empty_space height=&#8221;35px&#8221;]\t\t<\/div>\n\t<\/div>\n<\/div><\/div>[\/vc_column][\/vc_row][vc_row css=&#8221;.vc_custom_1713018317431{padding-top: 10px !important;padding-bottom: 36px !important;}&#8221; el_class=&#8221;section-name&#8221;][vc_column][vc_empty_space height=&#8221;31px&#8221;][\/vc_column][\/vc_row][vc_row simple_background_color=&#8221;#fdfbf6&#8243; css=&#8221;.vc_custom_1713023508093{padding-top: 24px !important;padding-bottom: 37px !important;}&#8221; el_id=&#8221;corsi&#8221; el_class=&#8221;section-name&#8221;][vc_column css=&#8221;.vc_custom_1489047693182{margin-left: -30px !important;}&#8221;]<div class=\"eltdf-elements-holder eltdf-two-columns eltdf-responsive-mode-1024\" ><div class=\"eltdf-eh-item \"  data-item-class=\"eltdf-eh-custom-345127\" data-768-1024=\"0px 60% 0px 0%\">\n\t<div class=\"eltdf-eh-item-inner\">\n\t\t<div class=\"eltdf-eh-item-content eltdf-eh-custom-345127\" >\n\t\t\t[vc_single_image image=&#8221;11767&#8243; img_size=&#8221;full&#8221; css=&#8221;.vc_custom_1713023724654{padding-left: 10% !important;}&#8221;]\t\t<\/div>\n\t<\/div>\n<\/div><div class=\"eltdf-eh-item \"  data-item-class=\"eltdf-eh-custom-673079\" data-1280-1600=\"0px 20% 0px 8%\" data-1024-1280=\"0px 17% 0px 8%\" data-768-1024=\"0px 11% 90px 19%\" data-600-768=\"0px 5% 99px 17%\" data-480=\"0px 4% 50px 25%\">\n\t<div class=\"eltdf-eh-item-inner\">\n\t\t<div class=\"eltdf-eh-item-content eltdf-eh-custom-673079\" style=\"padding: 0px 31% 0px 8%\">\n\t\t\t<div class=\"eltdf-section-title-holder  \" >\n\t\t\t<h2 class=\"eltdf-st-title \" style=\"color: #030303\">\n\t\t\t<span>I corsi<\/span>\n\t\t<\/h2>\n\t\t<\/div>[vc_column_text]<\/p>\n<div class=\"gmail_default\">\n<p>Organizziamo percorsi didattici per i bambini e corsi di cucina per le mamme, per dare valore aggiunto a quello che un territorio cos\u00ec ricco come il nostro offre. Ci sar\u00e0 anche la possibilit\u00e0 di degustare. Mettere un po\u2019 di persone intorno a un tavolo, con pane appena sfornato e olio locale\u2026e sar\u00e0 un\u2019esperienza autentica di socialit\u00e0, oltre che di sapori e odori sempre pi\u00f9 rari.<\/p>\n<\/div>\n<p>[\/vc_column_text][vc_empty_space height=&#8221;35px&#8221;]\t\t<\/div>\n\t<\/div>\n<\/div><\/div>[\/vc_column][\/vc_row][vc_row css=&#8221;.vc_custom_1714497137407{padding-top: 10px !important;padding-bottom: 36px !important;}&#8221; el_class=&#8221;section-name&#8221;][vc_column][vc_empty_space height=&#8221;31px&#8221;][\/vc_column][\/vc_row][vc_row simple_background_color=&#8221;#fdfbf6&#8243; css=&#8221;.vc_custom_1714497143735{padding-top: 24px !important;padding-bottom: 37px !important;}&#8221; el_class=&#8221;section-name&#8221; el_id=&#8221;eventi&#8221;][vc_column css=&#8221;.vc_custom_1489047693182{margin-left: -30px !important;}&#8221;]<div class=\"eltdf-elements-holder eltdf-two-columns eltdf-responsive-mode-1024\" ><div class=\"eltdf-eh-item \"  data-item-class=\"eltdf-eh-custom-588720\" data-768-1024=\"0px 60% 0px 0%\">\n\t<div class=\"eltdf-eh-item-inner\">\n\t\t<div class=\"eltdf-eh-item-content eltdf-eh-custom-588720\" >\n\t\t\t[vc_single_image image=&#8221;11777&#8243; img_size=&#8221;full&#8221; css=&#8221;.vc_custom_1714496411091{padding-left: 10% !important;}&#8221;]\t\t<\/div>\n\t<\/div>\n<\/div><div class=\"eltdf-eh-item \"  data-item-class=\"eltdf-eh-custom-256098\" data-1280-1600=\"0px 20% 0px 8%\" data-1024-1280=\"0px 17% 0px 8%\" data-768-1024=\"0px 11% 90px 19%\" data-600-768=\"0px 5% 99px 17%\" data-480=\"0px 4% 50px 25%\">\n\t<div class=\"eltdf-eh-item-inner\">\n\t\t<div class=\"eltdf-eh-item-content eltdf-eh-custom-256098\" style=\"padding: 0px 31% 0px 8%\">\n\t\t\t<div class=\"eltdf-section-title-holder  \" >\n\t\t\t<h2 class=\"eltdf-st-title \" style=\"color: #030303\">\n\t\t\t<span>Eventi<\/span>\n\t\t<\/h2>\n\t\t<\/div>[vc_column_text]<\/p>\n<div class=\"gmail_default\">\n<p>La Farineria dispone di spazi interni che possono essere adattati per ospitare eventi culturali di varie dimensioni e tipologie, che si tratti di un&#8217;intima mostra d&#8217;arte o di musica dal vivo, la Farineria pu\u00f2 accogliere i vostri eventi con eleganza e stile.<\/p>\n<p>Gli spazi per gli eventi sono dotati di tutte le comodit\u00e0 necessarie per garantire che il vostro evento si svolga senza intoppi.<\/p>\n<\/div>\n<p>[\/vc_column_text][vc_empty_space height=&#8221;35px&#8221;]\t\t<\/div>\n\t<\/div>\n<\/div><\/div>[\/vc_column][\/vc_row][vc_row css=&#8221;.vc_custom_1713018317431{padding-top: 10px !important;padding-bottom: 36px !important;}&#8221; el_class=&#8221;section-name&#8221;][vc_column][vc_empty_space height=&#8221;31px&#8221;][\/vc_column][\/vc_row][vc_row simple_background_color=&#8221;#fdfbf6&#8243; css=&#8221;.vc_custom_1714497421924{padding-top: 24px !important;padding-bottom: 37px !important;}&#8221; el_class=&#8221;section-name&#8221; el_id=&#8221;catering&#8221;][vc_column css=&#8221;.vc_custom_1489047693182{margin-left: -30px !important;}&#8221;]<div class=\"eltdf-elements-holder eltdf-two-columns eltdf-responsive-mode-1024\" ><div class=\"eltdf-eh-item \"  data-item-class=\"eltdf-eh-custom-880794\" data-768-1024=\"0px 60% 0px 0%\">\n\t<div class=\"eltdf-eh-item-inner\">\n\t\t<div class=\"eltdf-eh-item-content eltdf-eh-custom-880794\" >\n\t\t\t[vc_single_image image=&#8221;11786&#8243; img_size=&#8221;full&#8221; css=&#8221;.vc_custom_1714497838761{padding-left: 10% !important;}&#8221;]\t\t<\/div>\n\t<\/div>\n<\/div><div class=\"eltdf-eh-item \"  data-item-class=\"eltdf-eh-custom-452458\" data-1280-1600=\"0px 20% 0px 8%\" data-1024-1280=\"0px 17% 0px 8%\" data-768-1024=\"0px 11% 90px 19%\" data-600-768=\"0px 5% 99px 17%\" data-480=\"0px 4% 50px 25%\">\n\t<div class=\"eltdf-eh-item-inner\">\n\t\t<div class=\"eltdf-eh-item-content eltdf-eh-custom-452458\" style=\"padding: 0px 31% 0px 8%\">\n\t\t\t<div class=\"eltdf-section-title-holder  \" >\n\t\t\t<h2 class=\"eltdf-st-title \" style=\"color: #030303\">\n\t\t\t<span>Catering<\/span>\n\t\t<\/h2>\n\t\t<\/div>[vc_column_text]Affidare un catering alla Farineria non \u00e8 solo una questione di praticit\u00e0, ma anche creare un&#8217;esperienza indimenticabile per gli ospiti. Ogni servizio diventa cos\u00ec un&#8217;occasione per condividere la pi\u00f9 autentica tradizione calabrese e, pi\u00f9 in generale, quella italiana, famosa nel mondo per bont\u00e0 e genuinit\u00e0[\/vc_column_text][vc_empty_space height=&#8221;35px&#8221;]\t\t<\/div>\n\t<\/div>\n<\/div><\/div>[\/vc_column][\/vc_row][vc_row css=&#8221;.vc_custom_1713018317431{padding-top: 10px !important;padding-bottom: 36px !important;}&#8221; el_class=&#8221;section-name&#8221;][vc_column][vc_empty_space height=&#8221;31px&#8221;][\/vc_column][\/vc_row][vc_row simple_background_color=&#8221;#fdfbf6&#8243; css=&#8221;.vc_custom_1713021771114{padding-top: 24px !important;padding-bottom: 37px !important;}&#8221; el_id=&#8221;testimonial&#8221; el_class=&#8221;section-name&#8221;][vc_column css=&#8221;.vc_custom_1489047693182{margin-left: -30px !important;}&#8221;]<div class=\"eltdf-elements-holder eltdf-two-columns eltdf-responsive-mode-1024\" ><div class=\"eltdf-eh-item \"  data-item-class=\"eltdf-eh-custom-649503\" data-768-1024=\"0px 60% 0px 0%\">\n\t<div class=\"eltdf-eh-item-inner\">\n\t\t<div class=\"eltdf-eh-item-content eltdf-eh-custom-649503\" >\n\t\t\t[vc_single_image image=&#8221;11741&#8243; img_size=&#8221;medium&#8221; css=&#8221;.vc_custom_1713021940902{padding-left: 50% !important;}&#8221;]\t\t<\/div>\n\t<\/div>\n<\/div><div class=\"eltdf-eh-item \"  data-item-class=\"eltdf-eh-custom-184525\" data-1280-1600=\"0px 20% 0px 8%\" data-1024-1280=\"0px 17% 0px 8%\" data-768-1024=\"0px 11% 90px 19%\" data-600-768=\"0px 5% 99px 17%\" data-480=\"0px 4% 50px 25%\">\n\t<div class=\"eltdf-eh-item-inner\">\n\t\t<div class=\"eltdf-eh-item-content eltdf-eh-custom-184525\" style=\"padding: 0px 31% 0px 8%\">\n\t\t\t<div class=\"eltdf-section-title-holder  \" >\n\t\t\t<h2 class=\"eltdf-st-title \" style=\"color: #030303\">\n\t\t\t<span>Dicono di noi<\/span>\n\t\t<\/h2>\n\t\t<\/div>[vc_column_text]Alle spalle di questa insegna cinque generazioni di mugnai che da sempre credono nella molitura con pietra. La novit\u00e0 degli ultimi anni \u00e8 il coronamento del sogno di aprire un negozio dove vendere le loro farine ma anche una bella selezione di prodotti di realt\u00e0 artigianali che condividono la medesima filosofia, dalla pasta secca ai legumi, dal vino alla birra. Farineria \u00e8 anche micro panificio dove quotidianamente si sforna un pane agricolo da farine bio. Si prediligono i grandi formati: la pagnotta di farro e grano saraceno, quella di campagna con farina di mais, il pane di iermano calabrese o il pane del nonno, omaggio a Salvatore Anselmo grazie al quale tutto \u00e8 nato. Ci si sbizzarrisce pure con i pani speciali e le stirate romane, non mancano i pani di piccolo formato e in occasione delle feste i grandi lievitati. Servizio gentile e disponibile.[\/vc_column_text][vc_empty_space height=&#8221;35px&#8221;]\t\t<\/div>\n\t<\/div>\n<\/div><\/div>[\/vc_column][\/vc_row][vc_row css=&#8221;.vc_custom_1713018317431{padding-top: 10px !important;padding-bottom: 36px !important;}&#8221; el_class=&#8221;section-name&#8221;][vc_column][vc_empty_space height=&#8221;31px&#8221;][\/vc_column][\/vc_row][vc_row row_content_width=&#8221;grid&#8221; disable_background_image=&#8221;&#8221; css=&#8221;.vc_custom_1713021696852{padding-top: 120px !important;padding-bottom: 123px !important;}&#8221; el_id=&#8221;ilmulino&#8221; el_class=&#8221;section-name&#8221; simple_background_image=&#8221;11664&#8243;][vc_column]<div class=\"eltdf-elements-holder eltdf-one-column eltdf-responsive-mode-768\" ><div class=\"eltdf-eh-item \"  data-item-class=\"eltdf-eh-custom-645907\" data-1024-1280=\"0px 0%\">\n\t<div class=\"eltdf-eh-item-inner\">\n\t\t<div class=\"eltdf-eh-item-content eltdf-eh-custom-645907\" style=\"padding: 0px 5%\">\n\t\t\t<div class=\"eltdf-item-showcase-holder clearfix\"><div class=\"eltdf-is-item eltdf-is-left\">\n\t<div class=\"eltdf-is-content\">\n\t\t\t\t\t<\/div>\n<\/div><div class=\"eltdf-is-image\" style=\"margin-top: 120px\"><img loading=\"lazy\" decoding=\"async\" width=\"493\" height=\"506\" src=\"https:\/\/lafarineria.com\/wp-content\/uploads\/2024\/04\/WhatsApp_Image_2024-04-13_at_15.43.36-removebg-preview-1.png\" class=\"attachment-full size-full\" alt=\"\" srcset=\"https:\/\/lafarineria.com\/wp-content\/uploads\/2024\/04\/WhatsApp_Image_2024-04-13_at_15.43.36-removebg-preview-1.png 493w, https:\/\/lafarineria.com\/wp-content\/uploads\/2024\/04\/WhatsApp_Image_2024-04-13_at_15.43.36-removebg-preview-1-292x300.png 292w\" sizes=\"auto, (max-width: 493px) 100vw, 493px\" \/><\/div><\/div>[vc_empty_space height=&#8221;31px&#8221;]<a itemprop=\"url\" href=\"https:\/\/www.mulinoanselmo.it\/\" target=\"_blank\"  class=\"eltdf-btn eltdf-btn-small eltdf-btn-solid leggi-altro\"  >\n    <span class=\"eltdf-btn-text\">Vai al sito<\/span>\n    <\/a>\t\t<\/div>\n\t<\/div>\n<\/div><\/div>[\/vc_column][\/vc_row][vc_row el_class=&#8221;section-name&#8221;][vc_column][vc_empty_space height=&#8221;62px&#8221;][vc_column_text]<script src=\"https:\/\/static.elfsight.com\/platform\/platform.js\" data-use-service-core defer><\/script><\/p>\n<div class=\"elfsight-app-0a23e90a-0fbe-4b24-81ff-5069bdf63d4d\" data-elfsight-app-lazy=\"\"><\/div>\n<p>[\/vc_column_text][\/vc_column][\/vc_row][vc_row el_id=&#8221;contatti&#8221; el_class=&#8221;section-name&#8221;][vc_column][vc_empty_space height=&#8221;62px&#8221;][\/vc_column][\/vc_row]<\/p>\n","protected":false},"excerpt":{"rendered":"<p>[vc_row el_class=&#8221;section-name&#8221; el_id=&#8221;home&#8221;][vc_column][rev_slider_vc alias=&#8221;slider-1&#8243;][\/vc_column][\/vc_row][vc_row row_content_width=&#8221;grid&#8221; css=&#8221;.vc_custom_1714496952169{padding-top: 115px !important;padding-bottom: 92px !important;}&#8221; el_id=&#8221;main&#8221;][vc_column][\/vc_column][\/vc_row][vc_row css=&#8221;.vc_custom_1713018317431{padding-top: 10px !important;padding-bottom: 36px !important;}&#8221; el_class=&#8221;section-name&#8221;][vc_column][vc_empty_space height=&#8221;31px&#8221;][\/vc_column][\/vc_row][vc_row simple_background_color=&#8221;#fdfbf6&#8243; css=&#8221;.vc_custom_1713022661716{padding-top: 24px !important;padding-bottom: 37px !important;}&#8221; el_id=&#8221;chisiamo&#8221; el_class=&#8221;section-name&#8221;][vc_column css=&#8221;.vc_custom_1489047693182{margin-left: -30px !important;}&#8221;][\/vc_column][\/vc_row][vc_row css=&#8221;.vc_custom_1713018317431{padding-top: 10px !important;padding-bottom: 36px !important;}&#8221; el_class=&#8221;section-name&#8221;][vc_column][vc_empty_space height=&#8221;31px&#8221;][\/vc_column][\/vc_row][vc_row simple_background_color=&#8221;#fdfbf6&#8243; css=&#8221;.vc_custom_1713022331948{padding-top: 24px !important;padding-bottom: [&hellip;]<\/p>\n","protected":false},"author":1,"featured_media":0,"parent":0,"menu_order":0,"comment_status":"closed","ping_status":"closed","template":"full-width.php","meta":{"footnotes":""},"class_list":["post-8185","page","type-page","status-publish","hentry"],"_links":{"self":[{"href":"https:\/\/lafarineria.com\/index.php?rest_route=\/wp\/v2\/pages\/8185","targetHints":{"allow":["GET"]}}],"collection":[{"href":"https:\/\/lafarineria.com\/index.php?rest_route=\/wp\/v2\/pages"}],"about":[{"href":"https:\/\/lafarineria.com\/index.php?rest_route=\/wp\/v2\/types\/page"}],"author":[{"embeddable":true,"href":"https:\/\/lafarineria.com\/index.php?rest_route=\/wp\/v2\/users\/1"}],"replies":[{"embeddable":true,"href":"https:\/\/lafarineria.com\/index.php?rest_route=%2Fwp%2Fv2%2Fcomments&post=8185"}],"version-history":[{"count":145,"href":"https:\/\/lafarineria.com\/index.php?rest_route=\/wp\/v2\/pages\/8185\/revisions"}],"predecessor-version":[{"id":11788,"href":"https:\/\/lafarineria.com\/index.php?rest_route=\/wp\/v2\/pages\/8185\/revisions\/11788"}],"wp:attachment":[{"href":"https:\/\/lafarineria.com\/index.php?rest_route=%2Fwp%2Fv2%2Fmedia&parent=8185"}],"curies":[{"name":"wp","href":"https:\/\/api.w.org\/{rel}","templated":true}]}}